{"id":74,"date":"2022-02-08T21:30:16","date_gmt":"2022-02-08T21:30:16","guid":{"rendered":"https:\/\/cbtis45.edu.mx\/new\/?page_id=74"},"modified":"2022-05-18T00:43:37","modified_gmt":"2022-05-18T00:43:37","slug":"valores","status":"publish","type":"page","link":"https:\/\/cbtis45.edu.mx\/new\/valores\/","title":{"rendered":"Historia del plantel"},"content":{"rendered":"\t\t<div data-elementor-type=\"wp-page\" data-elementor-id=\"74\" class=\"elementor elementor-74\">\n\t\t\t\t\t\t\t\t\t<section class=\"elementor-section elementor-top-section elementor-element elementor-element-1f8e5dbb elementor-section-boxed elementor-section-height-default elementor-section-height-default\" data-id=\"1f8e5dbb\" data-element_type=\"section\">\n\t\t\t\t\t\t<div class=\"elementor-container elementor-column-gap-default\">\n\t\t\t\t\t<div class=\"elementor-column elementor-col-100 elementor-top-column elementor-element elementor-element-6216f755\" data-id=\"6216f755\" data-element_type=\"column\">\n\t\t\t<div class=\"elementor-widget-wrap elementor-element-populated\">\n\t\t\t\t\t\t\t\t<div class=\"elementor-element elementor-element-459fa675 elementor-widget elementor-widget-text-editor\" data-id=\"459fa675\" data-element_type=\"widget\" data-widget_type=\"text-editor.default\">\n\t\t\t\t<div class=\"elementor-widget-container\">\n\t\t\t<style>\/*! elementor - v3.15.0 - 20-08-2023 *\/\n.elementor-widget-text-editor.elementor-drop-cap-view-stacked .elementor-drop-cap{background-color:#69727d;color:#fff}.elementor-widget-text-editor.elementor-drop-cap-view-framed .elementor-drop-cap{color:#69727d;border:3px solid;background-color:transparent}.elementor-widget-text-editor:not(.elementor-drop-cap-view-default) .elementor-drop-cap{margin-top:8px}.elementor-widget-text-editor:not(.elementor-drop-cap-view-default) .elementor-drop-cap-letter{width:1em;height:1em}.elementor-widget-text-editor .elementor-drop-cap{float:left;text-align:center;line-height:1;font-size:50px}.elementor-widget-text-editor .elementor-drop-cap-letter{display:inline-block}<\/style>\t\t\t\t<h4>La Direcci\u00f3n General de Educaci\u00f3n Tecnol\u00f3gica Industrial es una dependencia adscrita a la Subsecretar\u00eda de Educaci\u00f3n Media Superior (SEMS), dependiente de la Secretar\u00eda de Educaci\u00f3n P\u00fablica (SEP) que ofrece el servicio educativo del nivel medio superior tecnol\u00f3gico.<\/h4><h4>El 16 de Abril de 1971 es publicado en el Diario Oficial de la Federaci\u00f3n el acuerdo presidencial por el que se modifica la estructura org\u00e1nica administrativa de la SEP y se da paso a la creaci\u00f3n de la DGETI, en agosto de ese mismo a\u00f1o se publican las funciones que tendr\u00e1 esta instituci\u00f3n y se integran a ella los centros de capacitaci\u00f3n para el trabajo industrial, escuelas tecnol\u00f3gicas industriales, los centros de estudios tecnol\u00f3gicos en el Distrito Federal y los centros de estudios tecnol\u00f3gicos for\u00e1neos.<\/h4><h4>Actualmente la DGETI es la instituci\u00f3n de educaci\u00f3n media superior tecnol\u00f3gica m\u00e1s grande del pa\u00eds, con una infraestructura f\u00edsica de 456 planteles educativos a nivel nacional, de los cuales 168 son CETIS y 288 CBTIS; Adem\u00e1s proporciona a los organismos descentralizados de los gobiernos de las entidades federativas, que impartan la educaci\u00f3n tecnol\u00f3gica industrial competencia de esta unidad administrativa, la asistencia acad\u00e9mica, t\u00e9cnica y pedag\u00f3gica a los 652 CECyTEs.<\/h4><h4>El Centro de Bachillerato Tecnol\u00f3gico industrial y de servicios No. 45, de Guam\u00fachil, Salvador Alvarado, Sinaloa, fue fundado en el a\u00f1o de 1973, gracias a las gestiones realizadas por el entonces Gobernador del Estado, Lic. Alfredo Valdez Montoya (1969 &#8211; 1975), ante la Direcci\u00f3n General de Educaci\u00f3n Tecnol\u00f3gica Industrial a cargo del Ing. Ra\u00fal Gonz\u00e1lez Apaolaza y la donaci\u00f3n del terreno fue realizada por el Presidente Municipal del H. Ayuntamiento de Salvador Alvarado, Dr. Florentino Camacho Rivera (1972 \u2013 1974). El plantel surge ante la necesidad de brindar Educaci\u00f3n T\u00e9cnica, al creciente n\u00famero de egresados de las escuelas secundarias de la regi\u00f3n.<\/h4><h4>El d\u00eda 1 de octubre de 1973, se llev\u00f3 a cabo el acto de inauguraci\u00f3n y abanderamiento, comenzando como escuela provisionalmente en las instalaciones ubicadas por la Calle 22 de Diciembre No. 609 en la Col. Morelos, C.P. 81460, de la Ciudad.<\/h4><h4>Fue hasta el d\u00eda 1 de junio de 1974, cuando se tom\u00f3 posesi\u00f3n de las propias instalaciones, en las que se encuentra actualmente, ubicado por Carretera a Mocorito Km 1.6, Colonia Emiliano Zapata, C.P. 81448, en Guam\u00fachil, Salvador Alvarado, Sinaloa, contando el terreno con una extensi\u00f3n total de 62,409 metros cuadrados y est\u00e1 construido en una superficie de 3024.66 metros cuadrados.<\/h4><h4>El nombre original de la Instituci\u00f3n fue Centro de Estudios Cient\u00edficos y Tecnol\u00f3gicos No. 205 (CECyT No. 205), a partir del 1 de junio de 1985, lleva el nombre de Centro de Bachillerato Tecnol\u00f3gico industrial y de servicios No. 45 (CBTis No. 45), en el a\u00f1o 2010 con el festejo del Bicentenario de la Independencia de M\u00e9xico y el Centenario de la Revoluci\u00f3n Mexicana, se agrega el nombre de \u201cAgustina Ram\u00edrez\u201d.<\/h4><h4>Comenz\u00f3 su labor acad\u00e9mica con tres especialidades del turno matutino que fueron: Contabilidad (29 alumnos), Electromec\u00e1nica (27 alumnos) y M\u00e1quinas de Combusti\u00f3n Interna (26 alumnos), con 82 alumnos inscritos en total, de los cuales egresaron: 17, 9 y 11 respectivamente, correspondientes a la primera generaci\u00f3n 1973 \u2013 1976.<\/h4>\t\t\t\t\t\t<\/div>\n\t\t\t\t<\/div>\n\t\t\t\t\t<\/div>\n\t\t<\/div>\n\t\t\t\t\t\t\t<\/div>\n\t\t<\/section>\n\t\t\t\t\t\t\t<\/div>\n\t\t","protected":false},"excerpt":{"rendered":"<p>La Direcci\u00f3n General de Educaci\u00f3n Tecnol\u00f3gica Industrial es una dependencia adscrita a la Subsecretar\u00eda de Educaci\u00f3n Media Superior (SEMS), dependiente de la Secretar\u00eda de Educaci\u00f3n P\u00fablica (SEP) que ofrece el servicio educativo del nivel medio superior tecnol\u00f3gico. El 16 de Abril de 1971 es publicado <a href=\"https:\/\/cbtis45.edu.mx\/new\/valores\/\" class=\"read-more\">Seguir leyendo<i class=\"ion-ios-arrow-right read-more-right\"><\/i><\/a><\/p>\n","protected":false},"author":1,"featured_media":0,"parent":0,"menu_order":0,"comment_status":"closed","ping_status":"closed","template":"","meta":{"footnotes":""},"class_list":["post-74","page","type-page","status-publish","hentry"],"_links":{"self":[{"href":"https:\/\/cbtis45.edu.mx\/new\/wp-json\/wp\/v2\/pages\/74"}],"collection":[{"href":"https:\/\/cbtis45.edu.mx\/new\/wp-json\/wp\/v2\/pages"}],"about":[{"href":"https:\/\/cbtis45.edu.mx\/new\/wp-json\/wp\/v2\/types\/page"}],"author":[{"embeddable":true,"href":"https:\/\/cbtis45.edu.mx\/new\/wp-json\/wp\/v2\/users\/1"}],"replies":[{"embeddable":true,"href":"https:\/\/cbtis45.edu.mx\/new\/wp-json\/wp\/v2\/comments?post=74"}],"version-history":[{"count":6,"href":"https:\/\/cbtis45.edu.mx\/new\/wp-json\/wp\/v2\/pages\/74\/revisions"}],"predecessor-version":[{"id":548,"href":"https:\/\/cbtis45.edu.mx\/new\/wp-json\/wp\/v2\/pages\/74\/revisions\/548"}],"wp:attachment":[{"href":"https:\/\/cbtis45.edu.mx\/new\/wp-json\/wp\/v2\/media?parent=74"}],"curies":[{"name":"wp","href":"https:\/\/api.w.org\/{rel}","templated":true}]}}